{"id":70,"date":"2020-10-03T21:25:07","date_gmt":"2020-10-03T19:25:07","guid":{"rendered":"https:\/\/future-in-the-past.de\/?page_id=70"},"modified":"2023-02-12T19:16:30","modified_gmt":"2023-02-12T18:16:30","slug":"home","status":"publish","type":"page","link":"https:\/\/future-in-the-past.de\/","title":{"rendered":"Home"},"content":{"rendered":"\n<p>Nachdem wir den Schock einigerma\u00dfen verdaut haben, treffen wir uns wieder regelm\u00e4\u00dfig im Proberaum. Ein neuer Song f\u00fcr Frank ist im Entstehen und die ersten Planungen f\u00fcr ein Tribute Konzert laufen ebenfalls.  <\/p>\n\n\n\n<p>Sobald wir damit weiter sind und konkretes berichten k\u00f6nnen,  werden wir es hier und in den Social Media verbreiten. Wir hoffen, dass uns viele Freunde und Interessierte dabei unterst\u00fctzen werden.<\/p>\n\n\n\n<hr class=\"wp-block-separator has-text-color has-white-color has-css-opacity has-white-background-color has-background is-style-dots\"\/>\n\n\n\n<div class=\"wp-block-media-text alignwide is-stacked-on-mobile\"><figure class=\"wp-block-media-text__media\"><img data-attachment-id=\"507\" data-permalink=\"https:\/\/future-in-the-past.de\/?attachment_id=507\" data-orig-file=\"https:\/\/future-in-the-past.de\/wp-content\/uploads\/2022\/10\/Frank_andenken.jpg\" data-orig-size=\"805,1210\" data-comments-opened=\"0\" data-image-meta=\"{&quot;aperture&quot;:&quot;1.4&quot;,&quot;credit&quot;:&quot;&quot;,&quot;camera&quot;:&quot;NIKON Z 6&quot;,&quot;caption&quot;:&quot;&quot;,&quot;created_timestamp&quot;:&quot;1572734371&quot;,&quot;copyright&quot;:&quot;&quot;,&quot;focal_length&quot;:&quot;85&quot;,&quot;iso&quot;:&quot;4000&quot;,&quot;shutter_speed&quot;:&quot;0.0025&quot;,&quot;title&quot;:&quot;&quot;,&quot;orientation&quot;:&quot;0&quot;}\" data-image-title=\"Frank_andenken\" data-image-description=\"\" data-image-caption=\"\" data-medium-file=\"https:\/\/future-in-the-past.de\/wp-content\/uploads\/2022\/10\/Frank_andenken-200x300.jpg\" data-large-file=\"https:\/\/future-in-the-past.de\/wp-content\/uploads\/2022\/10\/Frank_andenken-681x1024.jpg\" loading=\"lazy\" width=\"681\" height=\"1024\" src=\"https:\/\/future-in-the-past.de\/wp-content\/uploads\/2022\/10\/Frank_andenken-681x1024.jpg\" alt=\"\" class=\"wp-image-507 size-full\" srcset=\"https:\/\/future-in-the-past.de\/wp-content\/uploads\/2022\/10\/Frank_andenken-681x1024.jpg 681w, https:\/\/future-in-the-past.de\/wp-content\/uploads\/2022\/10\/Frank_andenken-200x300.jpg 200w, https:\/\/future-in-the-past.de\/wp-content\/uploads\/2022\/10\/Frank_andenken-768x1154.jpg 768w, https:\/\/future-in-the-past.de\/wp-content\/uploads\/2022\/10\/Frank_andenken.jpg 805w\" sizes=\"(max-width: 681px) 100vw, 681px\" \/><\/figure><div class=\"wp-block-media-text__content\">\n<p>Frank, du wirst uns als Freund mit deiner fr\u00f6hlichen, immer positiven und unbek\u00fcmmerten Art sehr fehlen.  Aber in unseren Gedanken wirst du immer in unser Mitte bleiben<\/p>\n<\/div><\/div>\n\n\n\n<div style=\"height:0px\" aria-hidden=\"true\" class=\"wp-block-spacer\"><\/div>\n","protected":false},"excerpt":{"rendered":"<p>Nachdem wir den Schock einigerma\u00dfen verdaut haben, treffen wir uns wieder regelm\u00e4\u00dfig im Proberaum. Ein neuer Song f\u00fcr Frank ist im Entstehen und die ersten Planungen f\u00fcr ein Tribute Konzert<a href=\"https:\/\/future-in-the-past.de\/\" class=\"more-link\"><span class=\"readmore\">Continue reading<span class=\"screen-reader-text\">Home<\/span><\/span><\/a><\/p>\n","protected":false},"author":1,"featured_media":0,"parent":0,"menu_order":0,"comment_status":"closed","ping_status":"closed","template":"","meta":[],"_links":{"self":[{"href":"https:\/\/future-in-the-past.de\/index.php?rest_route=\/wp\/v2\/pages\/70"}],"collection":[{"href":"https:\/\/future-in-the-past.de\/index.php?rest_route=\/wp\/v2\/pages"}],"about":[{"href":"https:\/\/future-in-the-past.de\/index.php?rest_route=\/wp\/v2\/types\/page"}],"author":[{"embeddable":true,"href":"https:\/\/future-in-the-past.de\/index.php?rest_route=\/wp\/v2\/users\/1"}],"replies":[{"embeddable":true,"href":"https:\/\/future-in-the-past.de\/index.php?rest_route=%2Fwp%2Fv2%2Fcomments&post=70"}],"version-history":[{"count":23,"href":"https:\/\/future-in-the-past.de\/index.php?rest_route=\/wp\/v2\/pages\/70\/revisions"}],"predecessor-version":[{"id":523,"href":"https:\/\/future-in-the-past.de\/index.php?rest_route=\/wp\/v2\/pages\/70\/revisions\/523"}],"wp:attachment":[{"href":"https:\/\/future-in-the-past.de\/index.php?rest_route=%2Fwp%2Fv2%2Fmedia&parent=70"}],"curies":[{"name":"wp","href":"https:\/\/api.w.org\/{rel}","templated":true}]}}